{"id":1035,"date":"2021-06-03T20:16:49","date_gmt":"2021-06-03T20:16:49","guid":{"rendered":"https:\/\/www.vivasnet.ch\/stebler\/?page_id=1035"},"modified":"2022-01-13T21:45:29","modified_gmt":"2022-01-13T21:45:29","slug":"aluguss","status":"publish","type":"page","link":"https:\/\/steblerag.ch\/index.php\/aluguss\/","title":{"rendered":"Aluguss"},"content":{"rendered":"<p>[vc_row content_width=&#8220;grid&#8220; css=&#8220;.vc_custom_1636665526477{margin-top: 100px !important;}&#8220;][vc_column width=&#8220;1\/2&#8243;][vc_column_text]<\/p>\n<h2>Giesserei<\/h2>\n<p>[\/vc_column_text][\/vc_column][vc_column width=&#8220;1\/2&#8243;][\/vc_column][\/vc_row][vc_row content_width=&#8220;grid&#8220; css=&#8220;.vc_custom_1636665506516{margin-bottom: 100px !important;}&#8220;][vc_column width=&#8220;1\/2&#8243;][vc_column_text]In unserer Alu Giesserei verarbeiten wir die meisten g\u00e4ngigen Aluminium Legierungen. Legierungselemente wie Kupfer, Magnesium oder Silizium kommen dabei zum Einsatz. Komplexe Konstruktionen fertigt unsere Alu Giesserei mit h\u00f6chster Pr\u00e4zision und nach den Anforderungskriterien der Kunden. Formenbau, Modellbau, Aluminiumsandguss, technisch anspruchsvolle Guss-Qualit\u00e4t, alles Begriffe, die mit Detailst\u00e4rke, Massgenauigkeit und bester Oberfl\u00e4chenqualit\u00e4t verbunden sind.<\/p>\n<p>Wir arbeiten mit zwei Wendeform-Maschinen und einer Abhebeform-Maschine. Computergest\u00fctzte Designfertigung und Formgebung garantieren, dass wir mit dem Kunden gemeinsam das Beste kreieren k\u00f6nnen. Moderne Schmelz\u00f6fen und Formanlagen, eine komplette Putzerei-Ausstattung, eine Sandstrahlanlage, Trenn- und Schleifmaschine sorgen f\u00fcr einwandfreie Gussteile. Durch interne und externe Qualit\u00e4tspr\u00fcfung sorgen wir f\u00fcr zuverl\u00e4ssige \u00dcberpr\u00fcfung unserer Arbeit und unserer Produkte.<\/p>\n<p><a href=\"https:\/\/steblerag.ch\/index.php\/aluminium-giesserei\/\">Mehr zu Aluminium Giesserei<\/a>[\/vc_column_text][\/vc_column][vc_column width=&#8220;1\/2&#8243;][vc_single_image image=&#8220;1052&#8243; img_size=&#8220;large&#8220; css=&#8220;.vc_custom_1636665586550{margin-top: 10px !important;margin-bottom: 20px !important;}&#8220;][\/vc_column][\/vc_row][vc_row content_width=&#8220;grid&#8220; css=&#8220;.vc_custom_1636665620764{margin-top: 100px !important;}&#8220;][vc_column width=&#8220;1\/2&#8243;][vc_column_text]<\/p>\n<h2>Alu-Sandguss<\/h2>\n<p>[\/vc_column_text][\/vc_column][vc_column width=&#8220;1\/2&#8243;][\/vc_column][\/vc_row][vc_row content_width=&#8220;grid&#8220; css=&#8220;.vc_custom_1636665684068{margin-bottom: 100px !important;}&#8220;][vc_column width=&#8220;1\/2&#8243;][vc_column_text]Aluminium-Sandguss eignet sich besonders f\u00fcr kleine und mittlere St\u00fcckzahlen. Die Herstellungskosten f\u00fcr die Modelleinrichtungen sind massiv kleiner als jene f\u00fcr die Herstellung von Kokillen oder Druckgiess-Werkzeugen. \u00c4nderungen \u2013 welche insbesondere in der Prototypenphase\u00a0 vorkommen \u2013 sind meist schnell und g\u00fcnstig auszuf\u00fchren. Sandguss hat viele Vorteile, probieren Sie es aus. Stellen Sie uns auf die Probe.<\/p>\n<p>Die Sandformen werden ohne umweltbelastende Zusatzstoffe hergestellt. Die Stabilit\u00e4t wird ausschliesslich \u00fcber feuchten Sand und der Presswirkung der Formmaschine erreicht.<\/p>\n<p><a href=\"https:\/\/steblerag.ch\/index.php\/alu-guss\/\">Mehr zu Alu Guss<\/a>[\/vc_column_text][\/vc_column][vc_column width=&#8220;1\/2&#8243;][vc_single_image image=&#8220;1152&#8243; img_size=&#8220;large&#8220; css=&#8220;.vc_custom_1636665659743{margin-top: 10px !important;}&#8220;][\/vc_column][\/vc_row][vc_row header_style=&#8220;qodef-light-header&#8220; content_aligment=&#8220;center&#8220; css=&#8220;.vc_custom_1622753995982{margin-top: 100px !important;margin-bottom: 100px !important;padding-top: 100px !important;padding-bottom: 100px !important;background-color: #e3e3e3 !important;}&#8220;][vc_column][vc_row_inner][vc_column_inner width=&#8220;1\/3&#8243;][vc_column_text]<\/p>\n<h4 style=\"text-align: center;\">St\u00fcckgewicht bis<\/h4>\n<p>[\/vc_column_text]<div class=\"qodef-counter-holder center\" >\n\t\t<span class=\"qodef-counter zero\" >\n\t\t300\t<\/span>\n\t<h3 class=\"qodef-counter-title\">\n\t\tkg\t<\/h3>\n\t\n<\/div>[\/vc_column_inner][vc_column_inner width=&#8220;1\/3&#8243;][vc_column_text]<\/p>\n<h4 style=\"text-align: center;\">Formkastengr\u00f6sse bis<\/h4>\n<p>[\/vc_column_text]<div class=\"qodef-counter-holder center\" >\n\t\t<span class=\"qodef-counter zero\" >\n\t\t1600\t<\/span>\n\t<h3 class=\"qodef-counter-title\">\n\t\tmm\t<\/h3>\n\t\n<\/div>[\/vc_column_inner][vc_column_inner width=&#8220;1\/3&#8243;][vc_column_text]<\/p>\n<h4 style=\"text-align: center;\">Losgr\u00f6ssen ab<\/h4>\n<p>[\/vc_column_text]<div class=\"qodef-counter-holder center\" >\n\t\t<span class=\"qodef-counter zero\" >\n\t\t1\t<\/span>\n\t<h3 class=\"qodef-counter-title\">\n\t\tSt\u00fcck\t<\/h3>\n\t\n<\/div>[\/vc_column_inner][\/vc_row_inner][\/vc_column][\/vc_row][vc_row content_width=&#8220;grid&#8220; css=&#8220;.vc_custom_1636666383005{margin-top: 100px !important;}&#8220;][vc_column width=&#8220;1\/2&#8243;][vc_column_text]<\/p>\n<h2>Kernherstellung<\/h2>\n<p>[\/vc_column_text][\/vc_column][vc_column width=&#8220;1\/2&#8243;][\/vc_column][\/vc_row][vc_row content_width=&#8220;grid&#8220; css=&#8220;.vc_custom_1636666388605{margin-bottom: 100px !important;}&#8220;][vc_column width=&#8220;1\/2&#8243;][vc_column_text]<\/p>\n<p style=\"text-align: left;\">Die Durchg\u00e4nge und Hohlr\u00e4ume Ihrer Gussteile sind uns wichtig. Daher stellen wir\u00a0 massgenaue Kerne auf Kernschiessmaschinen mit 5 und\u00a0 12 Liter Schussvolumen her.<\/p>\n<p style=\"text-align: left;\">Grosskerne oder auch Formen werden im Starrsandverfahren mit einem Durchlaufmischer hergestellt. Komplexe Kerne k\u00f6nnen mittels 3D- Drucker kosteng\u00fcnstig gefertigt werden.<\/p>\n<p>[\/vc_column_text][\/vc_column][vc_column width=&#8220;1\/2&#8243;][vc_single_image image=&#8220;1050&#8243; img_size=&#8220;large&#8220; css=&#8220;.vc_custom_1636666375937{margin-top: 10px !important;}&#8220;][\/vc_column][\/vc_row][vc_row content_width=&#8220;grid&#8220; css=&#8220;.vc_custom_1636666454646{margin-top: 100px !important;}&#8220;][vc_column width=&#8220;1\/2&#8243;][vc_column_text]<\/p>\n<h2>Gussteile<\/h2>\n<p>[\/vc_column_text][\/vc_column][vc_column width=&#8220;1\/2&#8243;][\/vc_column][\/vc_row][vc_row content_width=&#8220;grid&#8220; css=&#8220;.vc_custom_1636666434397{margin-bottom: 100px !important;}&#8220;][vc_column width=&#8220;1\/2&#8243;][vc_column_text]Unsere im Gr\u00fcnsand geformten Gussteile weisen eine \u00e4usserst feine Oberfl\u00e4che aus. St\u00fcckgewichte von weniger als 100 g bis zu 300 kg sind m\u00f6glich.<\/p>\n<p>Die Dimensionen der Formk\u00e4sten mit 400 x 400 mm bis max. 1\u2018600 x 1\u2018200 mm sind Standardgr\u00f6ssen. Die Sandformen werden an 3 Maschinenformpl\u00e4tze und einem Handformplatz produziert. Die Gussteile sind massgenau, sauber verputzt und sandgestrahlt.<\/p>\n<p>Je nach Legierung und Wunsch des Kunden werden die Teile w\u00e4rmebehandelt.<\/p>\n<ul>\n<li>T6 Vollausgeh\u00e4rtet<\/li>\n<li>T64 Teilausgeh\u00e4rtet<\/li>\n<li>T5 Stabilisiert<\/li>\n<\/ul>\n<p>Des weiteren lassen wir Ihre Teile auf Wunsch, von einem zertifizierten Institut, auf dessen Zugfestigkeit pr\u00fcfen.<\/p>\n<p><a href=\"https:\/\/steblerag.ch\/index.php\/alu-giesserei\/\">Mehr zu Alu Giesserei<\/a>[\/vc_column_text][\/vc_column][vc_column width=&#8220;1\/2&#8243;][vc_single_image image=&#8220;1040&#8243; img_size=&#8220;large&#8220; css=&#8220;.vc_custom_1636666424063{margin-top: 10px !important;margin-bottom: 20px !important;}&#8220;][\/vc_column][\/vc_row][vc_row css=&#8220;.vc_custom_1639082126954{background: #0000005e url(https:\/\/steblerag.ch\/wp-content\/uploads\/2021\/06\/20190923_093458.jpg?id=999) !important;background-position: center !important;background-repeat: no-repeat !important;background-size: cover !important;}&#8220; el_class=&#8220;cta&#8220;][vc_column]\t<div class=\"qodef-call-to-action with-icon\" >\n\n\t\t\t\t<div class=\"qodef-container-inner\">\n\t\t\t\t\t<div class=\"qodef-call-to-action-row-75-25 clearfix\" style=\"padding: 40 0 40 0;\">\n\t\t\t\t\t\t<div class=\"qodef-text-wrapper qodef-call-to-action-column1 qodef-call-to-action-cell\">\n\t\t\t\t\t\t\t\t\t<div class=\"qodef-call-to-action-icon-holder\">\n\t\t\t\t\t\t<div class=\"qodef-call-to-action-icon\">\n\t\t\t\t\t\t\t<div class=\"qodef-call-to-action-icon-inner\"><\/div>\n\t\t\t\t\t\t<\/div>\n\t\t\t\t\t<\/div>\n\t\t\t\t\t\t\t\t\t<div class=\"qodef-call-to-action-text\" style=\"font-size: 40px\">Haben wir Ihr Interesse geweckt?<\/div>\n\t\t\t\t<\/div>\n\n\t\t\t\t\t\t\t\t\t<div class=\"qodef-button-wrapper qodef-call-to-action-column2 qodef-call-to-action-cell\" style =\"text-align: right ;\">\n\t\t\t\t\t\t<a href=\"index.php\/kontakt\/\" target=\"_self\"  class=\"qodef-btn qodef-btn-medium qodef-btn-solid\"  >    <span class=\"qodef-btn-text\">Jetzt kontaktieren<\/span>    <i class=\"qodef-icon-font-awesome fa  \" ><\/i><\/a>\t\t\t\t\t<\/div>\n\t\t\t\t\t\t\t<\/div>\n\t\t\t\t<\/div>\n\t\t\t<\/div>\n[\/vc_column][\/vc_row]<\/p>\n","protected":false},"excerpt":{"rendered":"<p>[vc_row content_width=&#8220;grid&#8220; css=&#8220;.vc_custom_1636665526477{margin-top: 100px !important;}&#8220;][vc_column width=&#8220;1\/2&#8243;][vc_column_text] Giesserei [\/vc_column_text][\/vc_column][vc_column width=&#8220;1\/2&#8243;][\/vc_column][\/vc_row][vc_row content_width=&#8220;grid&#8220; css=&#8220;.vc_custom_1636665506516{margin-bottom: 100px !important;}&#8220;][vc_column width=&#8220;1\/2&#8243;][vc_column_text]In unserer Alu Giesserei verarbeiten wir die meisten g\u00e4ngigen Aluminium Legierungen. Legierungselemente wie Kupfer, Magnesium oder Silizium kommen dabei zum Einsatz. Komplexe Konstruktionen fertigt unsere Alu Giesserei mit h\u00f6chster Pr\u00e4zision und nach&#8230;<\/p>\n","protected":false},"author":2,"featured_media":0,"parent":0,"menu_order":0,"comment_status":"closed","ping_status":"closed","template":"full-width.php","meta":[],"yoast_head":"<!-- This site is optimized with the Yoast SEO plugin v17.9 - https:\/\/yoast.com\/wordpress\/plugins\/seo\/ -->\n<title>Aluguss - Stebler AG<\/title>\n<meta name=\"description\" content=\"Die Schweizer Firma A. Stebler AG in Egnach ist Ihr erfahrener Ansprechpartner, wenn es um den Alu-Guss geht.\" \/>\n<meta name=\"robots\" content=\"index, follow, max-snippet:-1, max-image-preview:large, max-video-preview:-1\" \/>\n<link rel=\"canonical\" href=\"https:\/\/steblerag.ch\/index.php\/aluguss\/\" \/>\n<meta property=\"og:locale\" content=\"de_DE\" \/>\n<meta property=\"og:type\" content=\"article\" \/>\n<meta property=\"og:title\" content=\"Aluguss - Stebler AG\" \/>\n<meta property=\"og:description\" content=\"Die Schweizer Firma A. Stebler AG in Egnach ist Ihr erfahrener Ansprechpartner, wenn es um den Alu-Guss geht.\" \/>\n<meta property=\"og:url\" content=\"https:\/\/steblerag.ch\/index.php\/aluguss\/\" \/>\n<meta property=\"og:site_name\" content=\"Stebler AG\" \/>\n<meta property=\"article:modified_time\" content=\"2022-01-13T21:45:29+00:00\" \/>\n<meta name=\"twitter:card\" content=\"summary_large_image\" \/>\n<meta name=\"twitter:label1\" content=\"Est. reading time\" \/>\n\t<meta name=\"twitter:data1\" content=\"4 Minuten\" \/>\n<script type=\"application\/ld+json\" class=\"yoast-schema-graph\">{\"@context\":\"https:\/\/schema.org\",\"@graph\":[{\"@type\":\"WebSite\",\"@id\":\"https:\/\/steblerag.ch\/#website\",\"url\":\"https:\/\/steblerag.ch\/\",\"name\":\"Stebler AG\",\"description\":\"Ihre Idee, durch uns umgesetzt\",\"potentialAction\":[{\"@type\":\"SearchAction\",\"target\":{\"@type\":\"EntryPoint\",\"urlTemplate\":\"https:\/\/steblerag.ch\/?s={search_term_string}\"},\"query-input\":\"required name=search_term_string\"}],\"inLanguage\":\"de-CH\"},{\"@type\":\"WebPage\",\"@id\":\"https:\/\/steblerag.ch\/index.php\/aluguss\/#webpage\",\"url\":\"https:\/\/steblerag.ch\/index.php\/aluguss\/\",\"name\":\"Aluguss - Stebler AG\",\"isPartOf\":{\"@id\":\"https:\/\/steblerag.ch\/#website\"},\"datePublished\":\"2021-06-03T20:16:49+00:00\",\"dateModified\":\"2022-01-13T21:45:29+00:00\",\"description\":\"Die Schweizer Firma A. Stebler AG in Egnach ist Ihr erfahrener Ansprechpartner, wenn es um den Alu-Guss geht.\",\"breadcrumb\":{\"@id\":\"https:\/\/steblerag.ch\/index.php\/aluguss\/#breadcrumb\"},\"inLanguage\":\"de-CH\",\"potentialAction\":[{\"@type\":\"ReadAction\",\"target\":[\"https:\/\/steblerag.ch\/index.php\/aluguss\/\"]}]},{\"@type\":\"BreadcrumbList\",\"@id\":\"https:\/\/steblerag.ch\/index.php\/aluguss\/#breadcrumb\",\"itemListElement\":[{\"@type\":\"ListItem\",\"position\":1,\"name\":\"Home\",\"item\":\"https:\/\/steblerag.ch\/\"},{\"@type\":\"ListItem\",\"position\":2,\"name\":\"Aluguss\"}]}]}<\/script>\n<!-- \/ Yoast SEO plugin. -->","yoast_head_json":{"title":"Aluguss - Stebler AG","description":"Die Schweizer Firma A. Stebler AG in Egnach ist Ihr erfahrener Ansprechpartner, wenn es um den Alu-Guss geht.","robots":{"index":"index","follow":"follow","max-snippet":"max-snippet:-1","max-image-preview":"max-image-preview:large","max-video-preview":"max-video-preview:-1"},"canonical":"https:\/\/steblerag.ch\/index.php\/aluguss\/","og_locale":"de_DE","og_type":"article","og_title":"Aluguss - Stebler AG","og_description":"Die Schweizer Firma A. Stebler AG in Egnach ist Ihr erfahrener Ansprechpartner, wenn es um den Alu-Guss geht.","og_url":"https:\/\/steblerag.ch\/index.php\/aluguss\/","og_site_name":"Stebler AG","article_modified_time":"2022-01-13T21:45:29+00:00","twitter_card":"summary_large_image","twitter_misc":{"Est. reading time":"4 Minuten"},"schema":{"@context":"https:\/\/schema.org","@graph":[{"@type":"WebSite","@id":"https:\/\/steblerag.ch\/#website","url":"https:\/\/steblerag.ch\/","name":"Stebler AG","description":"Ihre Idee, durch uns umgesetzt","potentialAction":[{"@type":"SearchAction","target":{"@type":"EntryPoint","urlTemplate":"https:\/\/steblerag.ch\/?s={search_term_string}"},"query-input":"required name=search_term_string"}],"inLanguage":"de-CH"},{"@type":"WebPage","@id":"https:\/\/steblerag.ch\/index.php\/aluguss\/#webpage","url":"https:\/\/steblerag.ch\/index.php\/aluguss\/","name":"Aluguss - Stebler AG","isPartOf":{"@id":"https:\/\/steblerag.ch\/#website"},"datePublished":"2021-06-03T20:16:49+00:00","dateModified":"2022-01-13T21:45:29+00:00","description":"Die Schweizer Firma A. Stebler AG in Egnach ist Ihr erfahrener Ansprechpartner, wenn es um den Alu-Guss geht.","breadcrumb":{"@id":"https:\/\/steblerag.ch\/index.php\/aluguss\/#breadcrumb"},"inLanguage":"de-CH","potentialAction":[{"@type":"ReadAction","target":["https:\/\/steblerag.ch\/index.php\/aluguss\/"]}]},{"@type":"BreadcrumbList","@id":"https:\/\/steblerag.ch\/index.php\/aluguss\/#breadcrumb","itemListElement":[{"@type":"ListItem","position":1,"name":"Home","item":"https:\/\/steblerag.ch\/"},{"@type":"ListItem","position":2,"name":"Aluguss"}]}]}},"_links":{"self":[{"href":"https:\/\/steblerag.ch\/index.php\/wp-json\/wp\/v2\/pages\/1035"}],"collection":[{"href":"https:\/\/steblerag.ch\/index.php\/wp-json\/wp\/v2\/pages"}],"about":[{"href":"https:\/\/steblerag.ch\/index.php\/wp-json\/wp\/v2\/types\/page"}],"author":[{"embeddable":true,"href":"https:\/\/steblerag.ch\/index.php\/wp-json\/wp\/v2\/users\/2"}],"replies":[{"embeddable":true,"href":"https:\/\/steblerag.ch\/index.php\/wp-json\/wp\/v2\/comments?post=1035"}],"version-history":[{"count":73,"href":"https:\/\/steblerag.ch\/index.php\/wp-json\/wp\/v2\/pages\/1035\/revisions"}],"predecessor-version":[{"id":1690,"href":"https:\/\/steblerag.ch\/index.php\/wp-json\/wp\/v2\/pages\/1035\/revisions\/1690"}],"wp:attachment":[{"href":"https:\/\/steblerag.ch\/index.php\/wp-json\/wp\/v2\/media?parent=1035"}],"curies":[{"name":"wp","href":"https:\/\/api.w.org\/{rel}","templated":true}]}}