{"id":1112,"date":"2021-06-07T13:26:33","date_gmt":"2021-06-07T13:26:33","guid":{"rendered":"https:\/\/www.vivasnet.ch\/stebler\/?page_id=1112"},"modified":"2025-01-10T08:30:03","modified_gmt":"2025-01-10T08:30:03","slug":"modelle-und-formen","status":"publish","type":"page","link":"https:\/\/steblerag.ch\/index.php\/modelle-und-formen\/","title":{"rendered":"Modelle und Formen"},"content":{"rendered":"<p>[vc_row content_width=&#8220;grid&#8220; css=&#8220;.vc_custom_1639085553361{margin-top: 100px !important;margin-bottom: 100px !important;}&#8220;][vc_column width=&#8220;1\/2&#8243;][vc_column_text css=&#8220;.vc_custom_1695307189589{margin-bottom: 50px !important;}&#8220;]<\/p>\n<h2>Giessereimodellbau<\/h2>\n<p>Wir stellen f\u00fcr sie nach ihren Angaben Giessereimodelle, Kernkasten und Hilfseinrichtungen f\u00fcr die Produktion in der Sandgiesserei her. Die dazu eingesetzten Materialien richten sich ganz nach den Vorgaben und Bed\u00fcrfnissen des Werkzeuges. Die Formen k\u00f6nnen direkt in Stahl, Aluminium oder Blockmaterial gefr\u00e4st werden. \u00dcber den Einsatz von Negativformen k\u00f6nnen die Modelleinrichtungen auch mittels Vergussmassen in der von ihnen gew\u00fcnschten Qualit\u00e4t hergestellt werden.<\/p>\n<p><a href=\"https:\/\/www.vivasnet.ch\/stebler\/index.php\/formenbau-modellbau\/\">Mehr zu Formenbau &amp; Modellbau<\/a><\/p>\n<p><a href=\"https:\/\/www.vivasnet.ch\/stebler\/index.php\/kunststoff-giessen\/\">Mehr zu Kunststoff giessen<\/a>[\/vc_column_text][\/vc_column][vc_column width=&#8220;1\/2&#8243;][vc_single_image image=&#8220;1039&#8243; img_size=&#8220;large&#8220; alignment=&#8220;right&#8220; css=&#8220;.vc_custom_1631865842541{margin-top: 55px !important;}&#8220;][\/vc_column][\/vc_row][vc_row content_width=&#8220;grid&#8220; css=&#8220;.vc_custom_1639085489371{margin-bottom: 100px !important;}&#8220;][vc_column width=&#8220;1\/2&#8243;][vc_column_text css=&#8220;.vc_custom_1631864724648{margin-bottom: 50px !important;}&#8220;]<\/p>\n<h2>Freiformbearbeitung<\/h2>\n<p>Das Bearbeiten von 3D-Formen oder Freiformfl\u00e4chen anhand angelieferten oder durch uns erstellten CAD-Daten ist nahezu in alle Materialien auf unseren Fr\u00e4szentren m\u00f6glich. Mit dem PC- basierenden CAM- System sind wir in k\u00fcrzester Zeit in der Lage, die Bearbeitungsoperationen zu erstellen und das gew\u00fcnschte Bauteil herzustellen.[\/vc_column_text][\/vc_column][vc_column width=&#8220;1\/2&#8243;][vc_single_image image=&#8220;1155&#8243; img_size=&#8220;large&#8220; css=&#8220;.vc_custom_1631865884109{margin-top: 55px !important;}&#8220;][\/vc_column][\/vc_row][vc_row content_width=&#8220;grid&#8220; css=&#8220;.vc_custom_1639085494730{margin-bottom: 100px !important;}&#8220;][vc_column width=&#8220;1\/2&#8243;][vc_column_text css=&#8220;.vc_custom_1631864880067{margin-bottom: 50px !important;}&#8220;]<\/p>\n<h2>Laminierformen<\/h2>\n<p>F\u00fcr die Herstellung von Composites- Bauteile bauen wir ihnen das gew\u00fcnschte Produktions-Werkzeug. Je nach Bedarf kann die Form aus Aluminium, Tooling-Blockmaterial oder nach ihren Angaben gefertigt werden. F\u00fcr kosteng\u00fcnstige Werkzeuge fertigen wir auch in MDF, zum Beispiel f\u00fcr den Prototypenbau.[\/vc_column_text][\/vc_column][vc_column width=&#8220;1\/2&#8243;][vc_single_image image=&#8220;1454&#8243; img_size=&#8220;large&#8220; css=&#8220;.vc_custom_1641546211500{margin-top: 55px !important;}&#8220;][\/vc_column][\/vc_row][vc_row content_width=&#8220;grid&#8220; css=&#8220;.vc_custom_1639085499202{margin-bottom: 100px !important;}&#8220;][vc_column width=&#8220;1\/2&#8243;][vc_column_text css=&#8220;.vc_custom_1714640566472{margin-bottom: 50px !important;}&#8220;]<\/p>\n<h2>CAD \/ CAM<\/h2>\n<p>F\u00fcr das Erstellen der CAD Daten arbeitet unsere Konstruktion mit Catia V5. Dieses weltweit f\u00fchrende CAD Programm wird von den meisten grossen Firmen der Automobilindustrie, Luftfahrt oder des Werkzeugbaus eingesetzt.<\/p>\n<p>Bei der Programmierung der teilweise sehr komplexen Formteile setzt die Firma A. Stebler AG auf Hyper Mill. Mit diesem fortschrittlichen CAM System und unserem fundierten Know- How sind wir in der Lage komplexe Programme zu erstellen.[\/vc_column_text][vc_row_inner][vc_column_inner width=&#8220;1\/2&#8243;][vc_single_image image=&#8220;1209&#8243; img_size=&#8220;100&#215;100&#8243; el_class=&#8220;cadicon&#8220;][\/vc_column_inner][vc_column_inner width=&#8220;1\/2&#8243;][vc_single_image image=&#8220;1762&#8243; img_size=&#8220;500&#215;150&#8243;][\/vc_column_inner][\/vc_row_inner][\/vc_column][vc_column width=&#8220;1\/2&#8243;][vc_single_image image=&#8220;1763&#8243; img_size=&#8220;large&#8220; alignment=&#8220;right&#8220; css=&#8220;.vc_custom_1736497799627{margin-top: 55px !important;}&#8220;][\/vc_column][\/vc_row][vc_row css=&#8220;.vc_custom_1639085522376{background-image: url(https:\/\/www.vivasnet.ch\/stebler\/wp-content\/uploads\/2021\/06\/20190923_093458.jpg?id=999) !important;background-position: center !important;background-repeat: no-repeat !important;background-size: cover !important;}&#8220; el_class=&#8220;cta&#8220;][vc_column]\t<div class=\"qodef-call-to-action with-icon\" >\n\n\t\t\t\t<div class=\"qodef-container-inner\">\n\t\t\t\t\t<div class=\"qodef-call-to-action-row-75-25 clearfix\" style=\"padding: 40 0 40 0;\">\n\t\t\t\t\t\t<div class=\"qodef-text-wrapper qodef-call-to-action-column1 qodef-call-to-action-cell\">\n\t\t\t\t\t\t\t\t\t<div class=\"qodef-call-to-action-icon-holder\">\n\t\t\t\t\t\t<div class=\"qodef-call-to-action-icon\">\n\t\t\t\t\t\t\t<div class=\"qodef-call-to-action-icon-inner\"><\/div>\n\t\t\t\t\t\t<\/div>\n\t\t\t\t\t<\/div>\n\t\t\t\t\t\t\t\t\t<div class=\"qodef-call-to-action-text\" style=\"font-size: 40px\">Haben wir Ihr Interesse geweckt?<\/div>\n\t\t\t\t<\/div>\n\n\t\t\t\t\t\t\t\t\t<div class=\"qodef-button-wrapper qodef-call-to-action-column2 qodef-call-to-action-cell\" style =\"text-align: right ;\">\n\t\t\t\t\t\t<a href=\"\/index.php\/kontakt\/\" target=\"_self\"  class=\"qodef-btn qodef-btn-medium qodef-btn-solid\"  >    <span class=\"qodef-btn-text\">Jetzt kontaktieren<\/span>    <i class=\"qodef-icon-font-awesome fa  \" ><\/i><\/a>\t\t\t\t\t<\/div>\n\t\t\t\t\t\t\t<\/div>\n\t\t\t\t<\/div>\n\t\t\t<\/div>\n[\/vc_column][\/vc_row]<\/p>\n","protected":false},"excerpt":{"rendered":"<p>[vc_row content_width=&#8220;grid&#8220; css=&#8220;.vc_custom_1639085553361{margin-top: 100px !important;margin-bottom: 100px !important;}&#8220;][vc_column width=&#8220;1\/2&#8243;][vc_column_text css=&#8220;.vc_custom_1695307189589{margin-bottom: 50px !important;}&#8220;] Giessereimodellbau Wir stellen f\u00fcr sie nach ihren Angaben Giessereimodelle, Kernkasten und Hilfseinrichtungen f\u00fcr die Produktion in der Sandgiesserei her. Die dazu eingesetzten Materialien richten sich ganz nach den Vorgaben und Bed\u00fcrfnissen des Werkzeuges. Die&#8230;<\/p>\n","protected":false},"author":2,"featured_media":0,"parent":0,"menu_order":0,"comment_status":"closed","ping_status":"closed","template":"full-width.php","meta":[],"yoast_head":"<!-- This site is optimized with the Yoast SEO plugin v17.9 - https:\/\/yoast.com\/wordpress\/plugins\/seo\/ -->\n<title>Modelle und Formen - Stebler AG<\/title>\n<meta name=\"description\" content=\"Die A. Stebler AG in Egnach steht f\u00fcr die kundenspezifische Anfertigung im Formenbau und Modellbau\" \/>\n<meta name=\"robots\" content=\"index, follow, max-snippet:-1, max-image-preview:large, max-video-preview:-1\" \/>\n<link rel=\"canonical\" href=\"https:\/\/steblerag.ch\/index.php\/modelle-und-formen\/\" \/>\n<meta property=\"og:locale\" content=\"de_DE\" \/>\n<meta property=\"og:type\" content=\"article\" \/>\n<meta property=\"og:title\" content=\"Modelle und Formen - Stebler AG\" \/>\n<meta property=\"og:description\" content=\"Die A. Stebler AG in Egnach steht f\u00fcr die kundenspezifische Anfertigung im Formenbau und Modellbau\" \/>\n<meta property=\"og:url\" content=\"https:\/\/steblerag.ch\/index.php\/modelle-und-formen\/\" \/>\n<meta property=\"og:site_name\" content=\"Stebler AG\" \/>\n<meta property=\"article:modified_time\" content=\"2025-01-10T08:30:03+00:00\" \/>\n<meta name=\"twitter:card\" content=\"summary_large_image\" \/>\n<meta name=\"twitter:label1\" content=\"Est. reading time\" \/>\n\t<meta name=\"twitter:data1\" content=\"2 Minuten\" \/>\n<script type=\"application\/ld+json\" class=\"yoast-schema-graph\">{\"@context\":\"https:\/\/schema.org\",\"@graph\":[{\"@type\":\"WebSite\",\"@id\":\"https:\/\/steblerag.ch\/#website\",\"url\":\"https:\/\/steblerag.ch\/\",\"name\":\"Stebler AG\",\"description\":\"Ihre Idee, durch uns umgesetzt\",\"potentialAction\":[{\"@type\":\"SearchAction\",\"target\":{\"@type\":\"EntryPoint\",\"urlTemplate\":\"https:\/\/steblerag.ch\/?s={search_term_string}\"},\"query-input\":\"required name=search_term_string\"}],\"inLanguage\":\"de-CH\"},{\"@type\":\"WebPage\",\"@id\":\"https:\/\/steblerag.ch\/index.php\/modelle-und-formen\/#webpage\",\"url\":\"https:\/\/steblerag.ch\/index.php\/modelle-und-formen\/\",\"name\":\"Modelle und Formen - Stebler AG\",\"isPartOf\":{\"@id\":\"https:\/\/steblerag.ch\/#website\"},\"datePublished\":\"2021-06-07T13:26:33+00:00\",\"dateModified\":\"2025-01-10T08:30:03+00:00\",\"description\":\"Die A. Stebler AG in Egnach steht f\\u00fcr die kundenspezifische Anfertigung im Formenbau und Modellbau\",\"breadcrumb\":{\"@id\":\"https:\/\/steblerag.ch\/index.php\/modelle-und-formen\/#breadcrumb\"},\"inLanguage\":\"de-CH\",\"potentialAction\":[{\"@type\":\"ReadAction\",\"target\":[\"https:\/\/steblerag.ch\/index.php\/modelle-und-formen\/\"]}]},{\"@type\":\"BreadcrumbList\",\"@id\":\"https:\/\/steblerag.ch\/index.php\/modelle-und-formen\/#breadcrumb\",\"itemListElement\":[{\"@type\":\"ListItem\",\"position\":1,\"name\":\"Home\",\"item\":\"https:\/\/steblerag.ch\/\"},{\"@type\":\"ListItem\",\"position\":2,\"name\":\"Modelle und Formen\"}]}]}<\/script>\n<!-- \/ Yoast SEO plugin. -->","yoast_head_json":{"title":"Modelle und Formen - Stebler AG","description":"Die A. Stebler AG in Egnach steht f\u00fcr die kundenspezifische Anfertigung im Formenbau und Modellbau","robots":{"index":"index","follow":"follow","max-snippet":"max-snippet:-1","max-image-preview":"max-image-preview:large","max-video-preview":"max-video-preview:-1"},"canonical":"https:\/\/steblerag.ch\/index.php\/modelle-und-formen\/","og_locale":"de_DE","og_type":"article","og_title":"Modelle und Formen - Stebler AG","og_description":"Die A. Stebler AG in Egnach steht f\u00fcr die kundenspezifische Anfertigung im Formenbau und Modellbau","og_url":"https:\/\/steblerag.ch\/index.php\/modelle-und-formen\/","og_site_name":"Stebler AG","article_modified_time":"2025-01-10T08:30:03+00:00","twitter_card":"summary_large_image","twitter_misc":{"Est. reading time":"2 Minuten"},"schema":{"@context":"https:\/\/schema.org","@graph":[{"@type":"WebSite","@id":"https:\/\/steblerag.ch\/#website","url":"https:\/\/steblerag.ch\/","name":"Stebler AG","description":"Ihre Idee, durch uns umgesetzt","potentialAction":[{"@type":"SearchAction","target":{"@type":"EntryPoint","urlTemplate":"https:\/\/steblerag.ch\/?s={search_term_string}"},"query-input":"required name=search_term_string"}],"inLanguage":"de-CH"},{"@type":"WebPage","@id":"https:\/\/steblerag.ch\/index.php\/modelle-und-formen\/#webpage","url":"https:\/\/steblerag.ch\/index.php\/modelle-und-formen\/","name":"Modelle und Formen - Stebler AG","isPartOf":{"@id":"https:\/\/steblerag.ch\/#website"},"datePublished":"2021-06-07T13:26:33+00:00","dateModified":"2025-01-10T08:30:03+00:00","description":"Die A. Stebler AG in Egnach steht f\u00fcr die kundenspezifische Anfertigung im Formenbau und Modellbau","breadcrumb":{"@id":"https:\/\/steblerag.ch\/index.php\/modelle-und-formen\/#breadcrumb"},"inLanguage":"de-CH","potentialAction":[{"@type":"ReadAction","target":["https:\/\/steblerag.ch\/index.php\/modelle-und-formen\/"]}]},{"@type":"BreadcrumbList","@id":"https:\/\/steblerag.ch\/index.php\/modelle-und-formen\/#breadcrumb","itemListElement":[{"@type":"ListItem","position":1,"name":"Home","item":"https:\/\/steblerag.ch\/"},{"@type":"ListItem","position":2,"name":"Modelle und Formen"}]}]}},"_links":{"self":[{"href":"https:\/\/steblerag.ch\/index.php\/wp-json\/wp\/v2\/pages\/1112"}],"collection":[{"href":"https:\/\/steblerag.ch\/index.php\/wp-json\/wp\/v2\/pages"}],"about":[{"href":"https:\/\/steblerag.ch\/index.php\/wp-json\/wp\/v2\/types\/page"}],"author":[{"embeddable":true,"href":"https:\/\/steblerag.ch\/index.php\/wp-json\/wp\/v2\/users\/2"}],"replies":[{"embeddable":true,"href":"https:\/\/steblerag.ch\/index.php\/wp-json\/wp\/v2\/comments?post=1112"}],"version-history":[{"count":43,"href":"https:\/\/steblerag.ch\/index.php\/wp-json\/wp\/v2\/pages\/1112\/revisions"}],"predecessor-version":[{"id":1765,"href":"https:\/\/steblerag.ch\/index.php\/wp-json\/wp\/v2\/pages\/1112\/revisions\/1765"}],"wp:attachment":[{"href":"https:\/\/steblerag.ch\/index.php\/wp-json\/wp\/v2\/media?parent=1112"}],"curies":[{"name":"wp","href":"https:\/\/api.w.org\/{rel}","templated":true}]}}