{"id":1234,"date":"2021-09-14T18:02:37","date_gmt":"2021-09-14T18:02:37","guid":{"rendered":"https:\/\/www.vivasnet.ch\/stebler\/?page_id=1234"},"modified":"2022-01-13T21:47:37","modified_gmt":"2022-01-13T21:47:37","slug":"prototypen","status":"publish","type":"page","link":"https:\/\/steblerag.ch\/index.php\/prototypen\/","title":{"rendered":"Prototypen"},"content":{"rendered":"<p>[vc_row content_width=&#8220;grid&#8220; css=&#8220;.vc_custom_1639085738229{margin-top: 100px !important;}&#8220;][vc_column width=&#8220;1\/2&#8243;][vc_column_text]<\/p>\n<h2>Prototypen und Werkzeuge<\/h2>\n<p>Wir beraten sie gerne bei der Entwicklung ihres Projekts. Erstellen CAD Daten f\u00fcr sie und unterst\u00fctzen sie bei der Wahl des optimalen Werkstoffes. Unser engagierte Team fertigt die n\u00f6tigen Werkst\u00fccke anhand von CAD Daten oder einfach nach 2-D Zeichnung. Eine breite Auswahl verschiedener Materialien sind bei uns Vorr\u00e4tig und k\u00f6nnen somit innert kurzer Zeit bearbeitet werden.<br \/>\nEgal ob einfache Bohrlehre oder komplexes Werkzeug f\u00fcr die automatisiere Fertigung, wir setzen ihre Idee um.<\/p>\n<p><a href=\"https:\/\/steblerag.ch\/index.php\/prototypenbau\/\">Mehr zum Prototypenbau<\/a><\/p>\n<p><a href=\"https:\/\/steblerag.ch\/index.php\/kunststoff-fraesen\/\">Mehr zu Kunststoff fr\u00e4sen<\/a>[\/vc_column_text][\/vc_column][vc_column width=&#8220;1\/2&#8243;][vc_single_image image=&#8220;1408&#8243; img_size=&#8220;large&#8220; alignment=&#8220;right&#8220;][vc_empty_space][\/vc_column][\/vc_row][vc_row css=&#8220;.vc_custom_1639086391408{margin-top: 50px !important;margin-bottom: 50px !important;padding-top: 50px !important;padding-bottom: 50px !important;background-color: #d3d3d3 !important;}&#8220;][vc_column width=&#8220;1\/5&#8243;][\/vc_column][vc_column width=&#8220;1\/5&#8243;][vc_single_image image=&#8220;1402&#8243; img_size=&#8220;large&#8220;][\/vc_column][vc_column width=&#8220;1\/5&#8243;][vc_single_image image=&#8220;1403&#8243; img_size=&#8220;large&#8220;][\/vc_column][vc_column width=&#8220;1\/5&#8243;][vc_single_image image=&#8220;1405&#8243; img_size=&#8220;large&#8220;][\/vc_column][vc_column width=&#8220;1\/5&#8243;][\/vc_column][\/vc_row][vc_row content_width=&#8220;grid&#8220; css=&#8220;.vc_custom_1639086826405{margin-top: 100px !important;margin-bottom: 100px !important;}&#8220;][vc_column width=&#8220;1\/2&#8243;][vc_column_text]<\/p>\n<h2>Teilebearbeitung<\/h2>\n<p>Kleinere Serien an Alugussteilen bearbeiten wir direkt in unserem Haus und ersparen ihnen so lange Produktionszeiten. Ausserdem sind wir so optimal in der Lage auf unvorhergesehene Probleme zu reagieren.<\/p>\n<p>Wir fertigen ihr Prototyp, Einzelteil, Ersatzteil oder Serieteil aus Materialien wie:<\/p>\n<ul>\n<li>Stahl in unterschiedlichen Legierungen<\/li>\n<li>Aluminium<\/li>\n<li>diverse Kunstoffe<\/li>\n<li>Holz<\/li>\n<li>MDF<\/li>\n<li>Styropor<\/li>\n<li>etc<\/li>\n<\/ul>\n<p>[\/vc_column_text][\/vc_column][vc_column width=&#8220;1\/2&#8243;][vc_single_image image=&#8220;1409&#8243; img_size=&#8220;large&#8220;][vc_empty_space][\/vc_column][\/vc_row][vc_row css=&#8220;.vc_custom_1639085522376{background-image: url(https:\/\/steblerag.ch\/wp-content\/uploads\/2021\/06\/20190923_093458.jpg?id=999) !important;background-position: center !important;background-repeat: no-repeat !important;background-size: cover !important;}&#8220; el_class=&#8220;cta&#8220;][vc_column]\t<div class=\"qodef-call-to-action with-icon\" >\n\n\t\t\t\t<div class=\"qodef-container-inner\">\n\t\t\t\t\t<div class=\"qodef-call-to-action-row-75-25 clearfix\" style=\"padding: 40 0 40 0;\">\n\t\t\t\t\t\t<div class=\"qodef-text-wrapper qodef-call-to-action-column1 qodef-call-to-action-cell\">\n\t\t\t\t\t\t\t\t\t<div class=\"qodef-call-to-action-icon-holder\">\n\t\t\t\t\t\t<div class=\"qodef-call-to-action-icon\">\n\t\t\t\t\t\t\t<div class=\"qodef-call-to-action-icon-inner\"><\/div>\n\t\t\t\t\t\t<\/div>\n\t\t\t\t\t<\/div>\n\t\t\t\t\t\t\t\t\t<div class=\"qodef-call-to-action-text\" style=\"font-size: 40px\">Haben wir Ihr Interesse geweckt?<\/div>\n\t\t\t\t<\/div>\n\n\t\t\t\t\t\t\t\t\t<div class=\"qodef-button-wrapper qodef-call-to-action-column2 qodef-call-to-action-cell\" style =\"text-align: right ;\">\n\t\t\t\t\t\t<a href=\"\/index.php\/kontakt\/\" target=\"_self\"  class=\"qodef-btn qodef-btn-medium qodef-btn-solid\"  >    <span class=\"qodef-btn-text\">Jetzt kontaktieren<\/span>    <i class=\"qodef-icon-font-awesome fa  \" ><\/i><\/a>\t\t\t\t\t<\/div>\n\t\t\t\t\t\t\t<\/div>\n\t\t\t\t<\/div>\n\t\t\t<\/div>\n[\/vc_column][\/vc_row]<\/p>\n","protected":false},"excerpt":{"rendered":"<p>[vc_row content_width=&#8220;grid&#8220; css=&#8220;.vc_custom_1639085738229{margin-top: 100px !important;}&#8220;][vc_column width=&#8220;1\/2&#8243;][vc_column_text] Prototypen und Werkzeuge Wir beraten sie gerne bei der Entwicklung ihres Projekts. Erstellen CAD Daten f\u00fcr sie und unterst\u00fctzen sie bei der Wahl des optimalen Werkstoffes. Unser engagierte Team fertigt die n\u00f6tigen Werkst\u00fccke anhand von CAD Daten oder einfach&#8230;<\/p>\n","protected":false},"author":2,"featured_media":0,"parent":0,"menu_order":0,"comment_status":"closed","ping_status":"closed","template":"full-width.php","meta":[],"yoast_head":"<!-- This site is optimized with the Yoast SEO plugin v17.9 - https:\/\/yoast.com\/wordpress\/plugins\/seo\/ -->\n<title>Prototypen - Stebler AG<\/title>\n<meta name=\"description\" content=\"Ihr Ansprechpartner f\u00fcr einen leistungsstarken Prototypenbau ist die A. Stebler AG\" \/>\n<meta name=\"robots\" content=\"index, follow, max-snippet:-1, max-image-preview:large, max-video-preview:-1\" \/>\n<link rel=\"canonical\" href=\"https:\/\/steblerag.ch\/index.php\/prototypen\/\" \/>\n<meta property=\"og:locale\" content=\"de_DE\" \/>\n<meta property=\"og:type\" content=\"article\" \/>\n<meta property=\"og:title\" content=\"Prototypen - Stebler AG\" \/>\n<meta property=\"og:description\" content=\"Ihr Ansprechpartner f\u00fcr einen leistungsstarken Prototypenbau ist die A. Stebler AG\" \/>\n<meta property=\"og:url\" content=\"https:\/\/steblerag.ch\/index.php\/prototypen\/\" \/>\n<meta property=\"og:site_name\" content=\"Stebler AG\" \/>\n<meta property=\"article:modified_time\" content=\"2022-01-13T21:47:37+00:00\" \/>\n<meta name=\"twitter:card\" content=\"summary_large_image\" \/>\n<meta name=\"twitter:label1\" content=\"Est. reading time\" \/>\n\t<meta name=\"twitter:data1\" content=\"2 Minuten\" \/>\n<script type=\"application\/ld+json\" class=\"yoast-schema-graph\">{\"@context\":\"https:\/\/schema.org\",\"@graph\":[{\"@type\":\"WebSite\",\"@id\":\"https:\/\/steblerag.ch\/#website\",\"url\":\"https:\/\/steblerag.ch\/\",\"name\":\"Stebler AG\",\"description\":\"Ihre Idee, durch uns umgesetzt\",\"potentialAction\":[{\"@type\":\"SearchAction\",\"target\":{\"@type\":\"EntryPoint\",\"urlTemplate\":\"https:\/\/steblerag.ch\/?s={search_term_string}\"},\"query-input\":\"required name=search_term_string\"}],\"inLanguage\":\"de-CH\"},{\"@type\":\"WebPage\",\"@id\":\"https:\/\/steblerag.ch\/index.php\/prototypen\/#webpage\",\"url\":\"https:\/\/steblerag.ch\/index.php\/prototypen\/\",\"name\":\"Prototypen - Stebler AG\",\"isPartOf\":{\"@id\":\"https:\/\/steblerag.ch\/#website\"},\"datePublished\":\"2021-09-14T18:02:37+00:00\",\"dateModified\":\"2022-01-13T21:47:37+00:00\",\"description\":\"Ihr Ansprechpartner f\\u00fcr einen leistungsstarken Prototypenbau ist die A. Stebler AG\",\"breadcrumb\":{\"@id\":\"https:\/\/steblerag.ch\/index.php\/prototypen\/#breadcrumb\"},\"inLanguage\":\"de-CH\",\"potentialAction\":[{\"@type\":\"ReadAction\",\"target\":[\"https:\/\/steblerag.ch\/index.php\/prototypen\/\"]}]},{\"@type\":\"BreadcrumbList\",\"@id\":\"https:\/\/steblerag.ch\/index.php\/prototypen\/#breadcrumb\",\"itemListElement\":[{\"@type\":\"ListItem\",\"position\":1,\"name\":\"Home\",\"item\":\"https:\/\/steblerag.ch\/\"},{\"@type\":\"ListItem\",\"position\":2,\"name\":\"Prototypen\"}]}]}<\/script>\n<!-- \/ Yoast SEO plugin. -->","yoast_head_json":{"title":"Prototypen - Stebler AG","description":"Ihr Ansprechpartner f\u00fcr einen leistungsstarken Prototypenbau ist die A. Stebler AG","robots":{"index":"index","follow":"follow","max-snippet":"max-snippet:-1","max-image-preview":"max-image-preview:large","max-video-preview":"max-video-preview:-1"},"canonical":"https:\/\/steblerag.ch\/index.php\/prototypen\/","og_locale":"de_DE","og_type":"article","og_title":"Prototypen - Stebler AG","og_description":"Ihr Ansprechpartner f\u00fcr einen leistungsstarken Prototypenbau ist die A. Stebler AG","og_url":"https:\/\/steblerag.ch\/index.php\/prototypen\/","og_site_name":"Stebler AG","article_modified_time":"2022-01-13T21:47:37+00:00","twitter_card":"summary_large_image","twitter_misc":{"Est. reading time":"2 Minuten"},"schema":{"@context":"https:\/\/schema.org","@graph":[{"@type":"WebSite","@id":"https:\/\/steblerag.ch\/#website","url":"https:\/\/steblerag.ch\/","name":"Stebler AG","description":"Ihre Idee, durch uns umgesetzt","potentialAction":[{"@type":"SearchAction","target":{"@type":"EntryPoint","urlTemplate":"https:\/\/steblerag.ch\/?s={search_term_string}"},"query-input":"required name=search_term_string"}],"inLanguage":"de-CH"},{"@type":"WebPage","@id":"https:\/\/steblerag.ch\/index.php\/prototypen\/#webpage","url":"https:\/\/steblerag.ch\/index.php\/prototypen\/","name":"Prototypen - Stebler AG","isPartOf":{"@id":"https:\/\/steblerag.ch\/#website"},"datePublished":"2021-09-14T18:02:37+00:00","dateModified":"2022-01-13T21:47:37+00:00","description":"Ihr Ansprechpartner f\u00fcr einen leistungsstarken Prototypenbau ist die A. Stebler AG","breadcrumb":{"@id":"https:\/\/steblerag.ch\/index.php\/prototypen\/#breadcrumb"},"inLanguage":"de-CH","potentialAction":[{"@type":"ReadAction","target":["https:\/\/steblerag.ch\/index.php\/prototypen\/"]}]},{"@type":"BreadcrumbList","@id":"https:\/\/steblerag.ch\/index.php\/prototypen\/#breadcrumb","itemListElement":[{"@type":"ListItem","position":1,"name":"Home","item":"https:\/\/steblerag.ch\/"},{"@type":"ListItem","position":2,"name":"Prototypen"}]}]}},"_links":{"self":[{"href":"https:\/\/steblerag.ch\/index.php\/wp-json\/wp\/v2\/pages\/1234"}],"collection":[{"href":"https:\/\/steblerag.ch\/index.php\/wp-json\/wp\/v2\/pages"}],"about":[{"href":"https:\/\/steblerag.ch\/index.php\/wp-json\/wp\/v2\/types\/page"}],"author":[{"embeddable":true,"href":"https:\/\/steblerag.ch\/index.php\/wp-json\/wp\/v2\/users\/2"}],"replies":[{"embeddable":true,"href":"https:\/\/steblerag.ch\/index.php\/wp-json\/wp\/v2\/comments?post=1234"}],"version-history":[{"count":27,"href":"https:\/\/steblerag.ch\/index.php\/wp-json\/wp\/v2\/pages\/1234\/revisions"}],"predecessor-version":[{"id":1688,"href":"https:\/\/steblerag.ch\/index.php\/wp-json\/wp\/v2\/pages\/1234\/revisions\/1688"}],"wp:attachment":[{"href":"https:\/\/steblerag.ch\/index.php\/wp-json\/wp\/v2\/media?parent=1234"}],"curies":[{"name":"wp","href":"https:\/\/api.w.org\/{rel}","templated":true}]}}